{"id":11,"date":"2026-02-05T00:21:21","date_gmt":"2026-02-04T20:51:21","guid":{"rendered":"https:\/\/wp.55655.ir\/?page_id=11"},"modified":"2026-02-07T22:31:16","modified_gmt":"2026-02-07T19:01:16","slug":"cart","status":"publish","type":"page","link":"https:\/\/wp.55655.ir\/?page_id=11","title":{"rendered":"\u0633\u0628\u062f \u062e\u0631\u06cc\u062f"},"content":{"rendered":"\n<div data-block-name=\"woocommerce\/cart\" class=\"wp-block-woocommerce-cart alignwide is-loading\">\n<div data-block-name=\"woocommerce\/filled-cart-block\" class=\"wp-block-woocommerce-filled-cart-block\">\n<div data-block-name=\"woocommerce\/cart-items-block\" class=\"wp-block-woocommerce-cart-items-block\">\n<div data-block-name=\"woocommerce\/cart-line-items-block\" class=\"wp-block-woocommerce-cart-line-items-block\"><\/div>\n\n\n<\/div>\n\n\n\n\n<div data-block-name=\"woocommerce\/cart-totals-block\" class=\"wp-block-woocommerce-cart-totals-block\">\n<div data-block-name=\"woocommerce\/cart-order-summary-block\" class=\"wp-block-woocommerce-cart-order-summary-block\">\n<div data-block-name=\"woocommerce\/cart-order-summary-heading-block\" class=\"wp-block-woocommerce-cart-order-summary-heading-block\"><\/div><div data-block-name=\"woocommerce\/cart-order-summary-coupon-form-block\" class=\"wp-block-woocommerce-cart-order-summary-coupon-form-block\"><\/div><div data-block-name=\"woocommerce\/cart-order-summary-totals-block\" class=\"wp-block-woocommerce-cart-order-summary-totals-block\">\n<div data-block-name=\"woocommerce\/cart-order-summary-subtotal-block\" class=\"wp-block-woocommerce-cart-order-summary-subtotal-block\"><\/div>\n<div data-block-name=\"woocommerce\/cart-order-summary-discount-block\" class=\"wp-block-woocommerce-cart-order-summary-discount-block\"><\/div>\n<div data-block-name=\"woocommerce\/cart-order-summary-fee-block\" class=\"wp-block-woocommerce-cart-order-summary-fee-block\"><\/div>\n<div data-block-name=\"woocommerce\/cart-order-summary-shipping-block\" class=\"wp-block-woocommerce-cart-order-summary-shipping-block\"><\/div>\n<div data-block-name=\"woocommerce\/cart-order-summary-taxes-block\" class=\"wp-block-woocommerce-cart-order-summary-taxes-block\"><\/div><\/div>\n<\/div>\n\n\n\n<div data-block-name=\"woocommerce\/cart-express-payment-block\" class=\"wp-block-woocommerce-cart-express-payment-block\"><\/div>\n\n\n\n<div data-block-name=\"woocommerce\/proceed-to-checkout-block\" class=\"wp-block-woocommerce-proceed-to-checkout-block\"><\/div>\n\n\n\n<div data-block-name=\"woocommerce\/cart-accepted-payment-methods-block\" class=\"wp-block-woocommerce-cart-accepted-payment-methods-block\"><\/div>\n<\/div>\n<\/div>\n\n\n\n<div data-block-name=\"woocommerce\/empty-cart-block\" class=\"wp-block-woocommerce-empty-cart-block\">\n<h2 class=\"wp-block-heading has-text-align-center with-empty-cart-icon wc-block-cart__empty-cart__title\">\u0633\u0628\u062f \u062e\u0631\u06cc\u062f\u062a\u0627\u0646 \u062f\u0631 \u062d\u0627\u0644 \u062d\u0627\u0636\u0631 \u062e\u0627\u0644\u06cc \u0627\u0633\u062a!<\/h2>\n\n\n\n<hr class=\"wp-block-separator has-alpha-channel-opacity is-style-dots\"\/>\n\n\n\n<h2 class=\"wp-block-heading has-text-align-center\">\u062a\u0627\u0632\u0647 \u062f\u0631 \u0641\u0631\u0648\u0634\u06af\u0627\u0647<\/h2>\n\n\n<div data-block-name=\"woocommerce\/product-new\" data-columns=\"4\" data-rows=\"1\" class=\"wc-block-grid wp-block-product-new wp-block-woocommerce-product-new wc-block-product-new has-4-columns\"><ul class=\"wc-block-grid__products\"><li class=\"wc-block-grid__product\">\n\t\t\t\t<a href=\"https:\/\/wp.55655.ir\/?product=fisoew-womens-workout-cropped-tank-tops-racerback-sleeveless-crewneck-running-yoga-active-shirts\" class=\"wc-block-grid__product-link\">\n\t\t\t\t\t\n\t\t\t\t\t<div class=\"wc-block-grid__product-image\"><img loading=\"lazy\" decoding=\"async\" width=\"324\" height=\"324\" src=\"https:\/\/wp.55655.ir\/wp-content\/uploads\/2026\/02\/Fisoew-Womens-Workout-Cropped-Tank-Tops-Racerback-Sleeveless-Crewneck-Running-Yoga-Active-Shirts-324x324.jpg\" class=\"attachment-woocommerce_thumbnail size-woocommerce_thumbnail\" alt=\"Fisoew Womens Workout Cropped Tank Tops Racerback Sleeveless Crewneck Running Yoga Active Shirts\" srcset=\"https:\/\/wp.55655.ir\/wp-content\/uploads\/2026\/02\/Fisoew-Womens-Workout-Cropped-Tank-Tops-Racerback-Sleeveless-Crewneck-Running-Yoga-Active-Shirts-324x324.jpg 324w, https:\/\/wp.55655.ir\/wp-content\/uploads\/2026\/02\/Fisoew-Womens-Workout-Cropped-Tank-Tops-Racerback-Sleeveless-Crewneck-Running-Yoga-Active-Shirts-150x150.jpg 150w, https:\/\/wp.55655.ir\/wp-content\/uploads\/2026\/02\/Fisoew-Womens-Workout-Cropped-Tank-Tops-Racerback-Sleeveless-Crewneck-Running-Yoga-Active-Shirts-100x100.jpg 100w\" sizes=\"auto, (max-width: 324px) 100vw, 324px\" \/><\/div>\n\t\t\t\t\t<div class=\"wc-block-grid__product-title\">Fisoew Womens Workout Cropped Tank Tops Racerback Sleeveless Crewneck Running Yoga Active Shirts<\/div>\n\t\t\t\t<\/a>\n\t\t\t\t<div class=\"wc-block-grid__product-price price\"><span class=\"woocommerce-Price-amount amount\"><span class=\"woocommerce-Price-currencySymbol\">&#036;<\/span>8<\/span><\/div>\n\t\t\t\t\n\t\t\t\t<div class=\"wp-block-button wc-block-grid__product-add-to-cart\"><a href=\"\/index.php?rest_route=%2Fwp%2Fv2%2Fpages%2F11&#038;add-to-cart=245\" aria-label=\"\u0627\u0641\u0632\u0648\u062f\u0646 \u0628\u0647 \u0633\u0628\u062f \u062e\u0631\u06cc\u062f: &ldquo;Fisoew Womens Workout Cropped Tank Tops Racerback Sleeveless Crewneck Running Yoga Active Shirts&rdquo;\" data-quantity=\"1\" data-product_id=\"245\" data-product_sku=\"\" data-price=\"8.47\" rel=\"nofollow\" class=\"wp-block-button__link  add_to_cart_button ajax_add_to_cart\">\u0627\u0641\u0632\u0648\u062f\u0646 \u0628\u0647 \u0633\u0628\u062f \u062e\u0631\u06cc\u062f<\/a><\/div>\n\t\t\t<\/li><li class=\"wc-block-grid__product\">\n\t\t\t\t<a href=\"https:\/\/wp.55655.ir\/?product=street-one-womens-soft-corduroy-blouson\" class=\"wc-block-grid__product-link\">\n\t\t\t\t\t\n\t\t\t\t\t<div class=\"wc-block-grid__product-image\"><img loading=\"lazy\" decoding=\"async\" width=\"324\" height=\"324\" src=\"https:\/\/wp.55655.ir\/wp-content\/uploads\/2026\/02\/Street-One-Womens-Soft-Corduroy-Blouson-324x324.jpg\" class=\"attachment-woocommerce_thumbnail size-woocommerce_thumbnail\" alt=\"Street One Women&#039;s Soft Corduroy Blouson\" srcset=\"https:\/\/wp.55655.ir\/wp-content\/uploads\/2026\/02\/Street-One-Womens-Soft-Corduroy-Blouson-324x324.jpg 324w, https:\/\/wp.55655.ir\/wp-content\/uploads\/2026\/02\/Street-One-Womens-Soft-Corduroy-Blouson-150x150.jpg 150w, https:\/\/wp.55655.ir\/wp-content\/uploads\/2026\/02\/Street-One-Womens-Soft-Corduroy-Blouson-100x100.jpg 100w\" sizes=\"auto, (max-width: 324px) 100vw, 324px\" \/><\/div>\n\t\t\t\t\t<div class=\"wc-block-grid__product-title\">Street One Women&#8217;s Soft Corduroy Blouson<\/div>\n\t\t\t\t<\/a>\n\t\t\t\t<div class=\"wc-block-grid__product-price price\"><span class=\"woocommerce-Price-amount amount\"><span class=\"woocommerce-Price-currencySymbol\">&#036;<\/span>80<\/span><\/div>\n\t\t\t\t\n\t\t\t\t<div class=\"wp-block-button wc-block-grid__product-add-to-cart\"><a href=\"\/index.php?rest_route=%2Fwp%2Fv2%2Fpages%2F11&#038;add-to-cart=228\" aria-label=\"\u0627\u0641\u0632\u0648\u062f\u0646 \u0628\u0647 \u0633\u0628\u062f \u062e\u0631\u06cc\u062f: &ldquo;Street One Women&#039;s Soft Corduroy Blouson&rdquo;\" data-quantity=\"1\" data-product_id=\"228\" data-product_sku=\"\" data-price=\"79.7\" rel=\"nofollow\" class=\"wp-block-button__link  add_to_cart_button ajax_add_to_cart\">\u0627\u0641\u0632\u0648\u062f\u0646 \u0628\u0647 \u0633\u0628\u062f \u062e\u0631\u06cc\u062f<\/a><\/div>\n\t\t\t<\/li><li class=\"wc-block-grid__product\">\n\t\t\t\t<a href=\"https:\/\/wp.55655.ir\/?product=damen-leggings-3-4-lange-einfarbige-caprihose-gesichert-sportkleidung-legerer-stil-fur-yoga-fitness-aus-baumwolle-grosen-38-54\" class=\"wc-block-grid__product-link\">\n\t\t\t\t\t\n\t\t\t\t\t<div class=\"wc-block-grid__product-image\"><img loading=\"lazy\" decoding=\"async\" width=\"324\" height=\"324\" src=\"https:\/\/wp.55655.ir\/wp-content\/uploads\/woocommerce-placeholder-324x324.webp\" class=\"woocommerce-placeholder wp-post-image\" alt=\"\" srcset=\"https:\/\/wp.55655.ir\/wp-content\/uploads\/woocommerce-placeholder-324x324.webp 324w, https:\/\/wp.55655.ir\/wp-content\/uploads\/woocommerce-placeholder-100x100.webp 100w, https:\/\/wp.55655.ir\/wp-content\/uploads\/woocommerce-placeholder-416x416.webp 416w, https:\/\/wp.55655.ir\/wp-content\/uploads\/woocommerce-placeholder-300x300.webp 300w, https:\/\/wp.55655.ir\/wp-content\/uploads\/woocommerce-placeholder-1024x1024.webp 1024w, https:\/\/wp.55655.ir\/wp-content\/uploads\/woocommerce-placeholder-150x150.webp 150w, https:\/\/wp.55655.ir\/wp-content\/uploads\/woocommerce-placeholder-768x768.webp 768w, https:\/\/wp.55655.ir\/wp-content\/uploads\/woocommerce-placeholder.webp 1200w\" sizes=\"auto, (max-width: 324px) 100vw, 324px\" \/><\/div>\n\t\t\t\t\t<div class=\"wc-block-grid__product-title\">Damen-Leggings 3\/4-L\u00e4nge, einfarbige Caprihose, gesichert, Sportkleidung, legerer Stil, f\u00fcr Yoga, Fitness, aus Baumwolle, Gr\u00f6\u00dfen 38 &#8211; 54<\/div>\n\t\t\t\t<\/a>\n\t\t\t\t<div class=\"wc-block-grid__product-price price\"><span class=\"woocommerce-Price-amount amount\"><span class=\"woocommerce-Price-currencySymbol\">&#036;<\/span>11<\/span><\/div>\n\t\t\t\t\n\t\t\t\t<div class=\"wp-block-button wc-block-grid__product-add-to-cart\"><a href=\"\/index.php?rest_route=%2Fwp%2Fv2%2Fpages%2F11&#038;add-to-cart=216\" aria-label=\"\u0627\u0641\u0632\u0648\u062f\u0646 \u0628\u0647 \u0633\u0628\u062f \u062e\u0631\u06cc\u062f: &ldquo;Damen-Leggings 3\/4-L\u00e4nge, einfarbige Caprihose, gesichert, Sportkleidung, legerer Stil, f\u00fcr Yoga, Fitness, aus Baumwolle, Gr\u00f6\u00dfen 38 - 54&rdquo;\" data-quantity=\"1\" data-product_id=\"216\" data-product_sku=\"\" data-price=\"10.99\" rel=\"nofollow\" class=\"wp-block-button__link  add_to_cart_button ajax_add_to_cart\">\u0627\u0641\u0632\u0648\u062f\u0646 \u0628\u0647 \u0633\u0628\u062f \u062e\u0631\u06cc\u062f<\/a><\/div>\n\t\t\t<\/li><li class=\"wc-block-grid__product\">\n\t\t\t\t<a href=\"https:\/\/wp.55655.ir\/?product=baydi-creamlush-capri-leggings-womens-high-waist-3-4-leggings-for-yoga-pilates-leisure-everyday-2\" class=\"wc-block-grid__product-link\">\n\t\t\t\t\t\n\t\t\t\t\t<div class=\"wc-block-grid__product-image\"><img loading=\"lazy\" decoding=\"async\" width=\"324\" height=\"324\" src=\"https:\/\/wp.55655.ir\/wp-content\/uploads\/2026\/02\/BAYDI-Creamlush-Capri-Leggings-Womens-High-Waist-34-Leggings-for-Yoga-Pilates-Leisure-Everyday-1-324x324.jpg\" class=\"attachment-woocommerce_thumbnail size-woocommerce_thumbnail\" alt=\"BAYDI Creamlush Capri Leggings Women&#039;s High Waist 3\/4 Leggings for Yoga Pilates Leisure Everyday\" srcset=\"https:\/\/wp.55655.ir\/wp-content\/uploads\/2026\/02\/BAYDI-Creamlush-Capri-Leggings-Womens-High-Waist-34-Leggings-for-Yoga-Pilates-Leisure-Everyday-1-324x324.jpg 324w, https:\/\/wp.55655.ir\/wp-content\/uploads\/2026\/02\/BAYDI-Creamlush-Capri-Leggings-Womens-High-Waist-34-Leggings-for-Yoga-Pilates-Leisure-Everyday-1-150x150.jpg 150w, https:\/\/wp.55655.ir\/wp-content\/uploads\/2026\/02\/BAYDI-Creamlush-Capri-Leggings-Womens-High-Waist-34-Leggings-for-Yoga-Pilates-Leisure-Everyday-1-100x100.jpg 100w\" sizes=\"auto, (max-width: 324px) 100vw, 324px\" \/><\/div>\n\t\t\t\t\t<div class=\"wc-block-grid__product-title\">BAYDI Creamlush Capri Leggings Women&#8217;s High Waist 3\/4 Leggings for Yoga Pilates Leisure Everyday<\/div>\n\t\t\t\t<\/a>\n\t\t\t\t<div class=\"wc-block-grid__product-price price\"><span class=\"woocommerce-Price-amount amount\"><span class=\"woocommerce-Price-currencySymbol\">&#036;<\/span>22<\/span><\/div>\n\t\t\t\t\n\t\t\t\t<div class=\"wp-block-button wc-block-grid__product-add-to-cart\"><a href=\"\/index.php?rest_route=%2Fwp%2Fv2%2Fpages%2F11&#038;add-to-cart=193\" aria-label=\"\u0627\u0641\u0632\u0648\u062f\u0646 \u0628\u0647 \u0633\u0628\u062f \u062e\u0631\u06cc\u062f: &ldquo;BAYDI Creamlush Capri Leggings Women&#039;s High Waist 3\/4 Leggings for Yoga Pilates Leisure Everyday&rdquo;\" data-quantity=\"1\" data-product_id=\"193\" data-product_sku=\"\" data-price=\"22.09\" rel=\"nofollow\" class=\"wp-block-button__link  add_to_cart_button ajax_add_to_cart\">\u0627\u0641\u0632\u0648\u062f\u0646 \u0628\u0647 \u0633\u0628\u062f \u062e\u0631\u06cc\u062f<\/a><\/div>\n\t\t\t<\/li><\/ul><\/div><\/div>\n<\/div>\n","protected":false},"excerpt":{"rendered":"","protected":false},"author":1,"featured_media":0,"parent":0,"menu_order":0,"comment_status":"closed","ping_status":"closed","template":"","meta":{"footnotes":""},"class_list":["post-11","page","type-page","status-publish","hentry"],"_links":{"self":[{"href":"https:\/\/wp.55655.ir\/index.php?rest_route=\/wp\/v2\/pages\/11","targetHints":{"allow":["GET"]}}],"collection":[{"href":"https:\/\/wp.55655.ir\/index.php?rest_route=\/wp\/v2\/pages"}],"about":[{"href":"https:\/\/wp.55655.ir\/index.php?rest_route=\/wp\/v2\/types\/page"}],"author":[{"embeddable":true,"href":"https:\/\/wp.55655.ir\/index.php?rest_route=\/wp\/v2\/users\/1"}],"replies":[{"embeddable":true,"href":"https:\/\/wp.55655.ir\/index.php?rest_route=%2Fwp%2Fv2%2Fcomments&post=11"}],"version-history":[{"count":1,"href":"https:\/\/wp.55655.ir\/index.php?rest_route=\/wp\/v2\/pages\/11\/revisions"}],"predecessor-version":[{"id":63,"href":"https:\/\/wp.55655.ir\/index.php?rest_route=\/wp\/v2\/pages\/11\/revisions\/63"}],"wp:attachment":[{"href":"https:\/\/wp.55655.ir\/index.php?rest_route=%2Fwp%2Fv2%2Fmedia&parent=11"}],"curies":[{"name":"wp","href":"https:\/\/api.w.org\/{rel}","templated":true}]}}