{"id":228,"date":"2026-02-09T14:30:02","date_gmt":"2026-02-09T11:00:02","guid":{"rendered":"https:\/\/wp.55655.ir\/?product=street-one-womens-soft-corduroy-blouson"},"modified":"2026-02-09T14:31:01","modified_gmt":"2026-02-09T11:01:01","slug":"street-one-womens-soft-corduroy-blouson","status":"publish","type":"product","link":"https:\/\/wp.55655.ir\/?product=street-one-womens-soft-corduroy-blouson","title":{"rendered":"Street One Women&#8217;s Soft Corduroy Blouson"},"content":{"rendered":"<ul>\n<li><span>corduroy jacket<\/span><\/li>\n<li><span>Crew neck<\/span><\/li>\n<li><span>Long sleeve with cuffs and zip detail<\/span><\/li>\n<li><span>Side pockets with buttons<\/span><\/li>\n<li><span>Soft corduroy quality<\/span><\/li>\n<\/ul>\n<div class=\"amazon-product-details\">\n<h4>Product details<\/h4>\n<ul>\n<li><strong>Material composition:<\/strong> Material composition<\/li>\n<li><strong>Care instructions:<\/strong> Care instructions<\/li>\n<li><strong>Country of origin:<\/strong> Country of origin<\/li>\n<\/ul>\n<\/div>\n<div>\n<hr noshade size=\"1\">\n<h2>From the manufacturer<\/h2>\n<div lang=\"de_DE\">\n<div cel_widget_id=\"aplus\">\n<div cel_widget_id=\"aplus-3p-module-b\">\n<div>\n<h3> Moderne Basics <\/h3>\n<p>                                          <img decoding=\"async\" alt=\"Produktfoto, das l\u00e4ssige Gesch\u00e4ftskleidung zeigt: hellgraues, \u00fcbergro\u00dfes Button-Down-Hemd, das \u00fcber einem wei\u00dfen Oberteil getragen wird, gepaart mit einer locker geschnittenen marineblauen Hose vor neutralem Hintergrund.\" src=\"https:\/\/images-na.ssl-images-amazon.com\/images\/G\/01\/x-locale\/common\/grey-pixel.gif\"><noscript><img decoding=\"async\" alt=\"Produktfoto, das l\u00e4ssige Gesch\u00e4ftskleidung zeigt: hellgraues, \u00fcbergro\u00dfes Button-Down-Hemd, das \u00fcber einem wei\u00dfen Oberteil getragen wird, gepaart mit einer locker geschnittenen marineblauen Hose vor neutralem Hintergrund.\" src=\"https:\/\/m.media-amazon.com\/images\/S\/aplus-media-library-service-media\/fee10492-7c38-4e8e-a858-6b1dfefab2b1.__CR0,17,970,600_PT0_SX970_V1___.jpg\"><\/noscript>                                         <\/p>\n<h3> Try it, wear it, love it! <\/h3>\n<p> Entdecke unsere Basic-Highlights f\u00fcr deine Lieblingsstyles! <\/p>\n<p> In unserer Kollektion findest du vielseitige Essentials, die sich zu jedem Outfit kombinieren lassen. <\/p>\n<p> So kreierst du m\u00fchelos deinen Look f\u00fcr jeden Anlass. <\/p>\n<\/p><\/div>\n<\/p><\/div>\n<div cel_widget_id=\"aplus-module-5\">\n<div>\n<div>\n<div>\n<table cellspacing=\"0\" cellpadding=\"0\">\n<tbody>\n<tr>\n<td><\/td>\n<th>\n                                    <a href=\"\/-\/en\/dp\/B0DQ8Q9R78?ref=emc_s_m_5_i_atc\"><\/p>\n<div>\n                                                  <img decoding=\"async\" alt=\"\" src=\"https:\/\/m.media-amazon.com\/images\/S\/aplus-media-library-service-media\/ddb7cfa0-f60f-4da1-a515-68c516677c60.__AC_SR150,300___.jpg\" width=\"150px\"> <\/div>\n<div>\n                                                  Street One Damen Jeans im Casual Fit <\/div>\n<p>                                          <\/a>\n                                         <\/th>\n<th>\n                                    <a href=\"\/-\/en\/dp\/B07KKVTJHC?ref=emc_s_m_5_i_atc\"><\/p>\n<div>\n                                                  <img decoding=\"async\" alt=\"\" src=\"https:\/\/m.media-amazon.com\/images\/S\/aplus-media-library-service-media\/c88a4777-c68b-4c0f-bfc6-22272444b040.__AC_SR150,300___.jpg\" width=\"150px\"> <\/div>\n<div>\n                                                  Street One Damen Basic Kurzarmshirt <\/div>\n<p>                                          <\/a>\n                                         <\/th>\n<th>\n                                    <a href=\"\/-\/en\/dp\/B07XGQRSRQ?ref=emc_s_m_5_i_atc\"><\/p>\n<div>\n                                                  <img decoding=\"async\" alt=\"\" src=\"https:\/\/m.media-amazon.com\/images\/S\/aplus-media-library-service-media\/0038d51e-d7a6-4718-acce-4f69a493fc87.__AC_SR150,300___.jpg\" width=\"150px\"> <\/div>\n<div>\n                                                  Street One Damen Style Pania T-Shirt <\/div>\n<p>                                          <\/a>\n                                         <\/th>\n<th>\n                                    <a href=\"\/-\/en\/dp\/B0FKMRNCKV?ref=emc_s_m_5_i_atc\"><\/p>\n<div>\n                                                  <img decoding=\"async\" alt=\"\" src=\"https:\/\/m.media-amazon.com\/images\/S\/aplus-media-library-service-media\/e5a0dcb2-5974-4e07-a676-d88a99039aa5.__AC_SR150,300___.jpg\" width=\"150px\"> <\/div>\n<div>\n                                                  Street One Damen Split Neck Tunika <\/div>\n<p>                                          <\/a>\n                                         <\/th>\n<\/tr>\n<tr>\n<td><\/td>\n<td>\n<form method=\"post\" action=\"\/cart\/add-to-cart\/ref=emc_s_m_5_i_atc_c\"> <!-- sp:csrf --><input type=\"hidden\" name=\"anti-csrftoken-a2z\" value=\"hNRsfL3CA\/P6Z7SCpHaKYmBVLiZ7PAQh3GQXFPl5WhWkAAAAAGmJviA5YTA1ODk5YS04MDBhLTRmNmUtYTk2NC02ODM3OGRjMDAwNGM=\"><!-- sp:end-csrf --><br \/>\n            <input type=\"hidden\" name=\"items[0.base][asin]\" value=\"B0DQ8Q9R78\"> <input type=\"hidden\" name=\"items[0.base][offerListingId]\" value=\"9pE4L4CAC0n%2BZKGvJrcU%2FMw1GytoinHLQFJanNErcCG3x3IJGIG4WbyXHOVonrgR2H1kf%2FgBAKIzdlH7cms%2BYJP%2FrLcEivdPPvheVvlSUPVAMFwt3gKKOuG7Ca88fr%2FRjvPzdtOQWJc%3D\"> <input type=\"hidden\" name=\"items[0.base][quantity]\" value=\"1\"> <input type=\"hidden\" name=\"clientName\" value=\"Aplus_BuyableModules_DetailPage\">     <\/p>\n<div>\n                        <span><span><i><\/i><input type=\"submit\"><span aria-hidden=\"true\"> Add To Basket <\/span><\/span><\/span> <\/div>\n<\/p><\/form>\n<\/td>\n<td>\n<form method=\"post\" action=\"\/cart\/add-to-cart\/ref=emc_s_m_5_i_atc_c\"> <!-- sp:csrf --><input type=\"hidden\" name=\"anti-csrftoken-a2z\" value=\"hNRsfL3CA\/P6Z7SCpHaKYmBVLiZ7PAQh3GQXFPl5WhWkAAAAAGmJviA5YTA1ODk5YS04MDBhLTRmNmUtYTk2NC02ODM3OGRjMDAwNGM=\"><!-- sp:end-csrf --><br \/>\n            <input type=\"hidden\" name=\"items[0.base][asin]\" value=\"B07KKVTJHC\"> <input type=\"hidden\" name=\"items[0.base][offerListingId]\" value=\"mUncbQkClt4n899xMaSmOl8K5eenMFCMjcU49bryPgyrdcp2GVxm6kR8zMEZplKR%2F40%2FNwh%2FSk3YKhCLOUJKD1wIj%2BigEZSX86Cp3r7gOaAIEkbeJhtidAQnO4dVY%2BPZyWKDGKSCvgQ%3D\"> <input type=\"hidden\" name=\"items[0.base][quantity]\" value=\"1\"> <input type=\"hidden\" name=\"clientName\" value=\"Aplus_BuyableModules_DetailPage\">     <\/p>\n<div>\n                        <span><span><i><\/i><input type=\"submit\"><span aria-hidden=\"true\"> Add To Basket <\/span><\/span><\/span> <\/div>\n<\/p><\/form>\n<\/td>\n<td>\n<form method=\"post\" action=\"\/cart\/add-to-cart\/ref=emc_s_m_5_i_atc_c\"> <!-- sp:csrf --><input type=\"hidden\" name=\"anti-csrftoken-a2z\" value=\"hNRsfL3CA\/P6Z7SCpHaKYmBVLiZ7PAQh3GQXFPl5WhWkAAAAAGmJviA5YTA1ODk5YS04MDBhLTRmNmUtYTk2NC02ODM3OGRjMDAwNGM=\"><!-- sp:end-csrf --><br \/>\n            <input type=\"hidden\" name=\"items[0.base][asin]\" value=\"B07XGQRSRQ\"> <input type=\"hidden\" name=\"items[0.base][offerListingId]\" value=\"1ytdkfp%2BhJSkPl2RnIMMoUX522xnnYmSy6nkab3GGa9YoLpL2Nj733o0gIYuwvDpG1fLlZ12pf2vzjk2UIxiDSuMKM1wTi529ZgsUbd4pP9vxtr3%2BsLqMLFVa%2BcGex2kNiIzyIo1TRM%3D\"> <input type=\"hidden\" name=\"items[0.base][quantity]\" value=\"1\"> <input type=\"hidden\" name=\"clientName\" value=\"Aplus_BuyableModules_DetailPage\">     <\/p>\n<div>\n                        <span><span><i><\/i><input type=\"submit\"><span aria-hidden=\"true\"> Add To Basket <\/span><\/span><\/span> <\/div>\n<\/p><\/form>\n<\/td>\n<td>\n<form method=\"post\" action=\"\/cart\/add-to-cart\/ref=emc_s_m_5_i_atc_c\"> <!-- sp:csrf --><input type=\"hidden\" name=\"anti-csrftoken-a2z\" value=\"hNRsfL3CA\/P6Z7SCpHaKYmBVLiZ7PAQh3GQXFPl5WhWkAAAAAGmJviA5YTA1ODk5YS04MDBhLTRmNmUtYTk2NC02ODM3OGRjMDAwNGM=\"><!-- sp:end-csrf --><br \/>\n            <input type=\"hidden\" name=\"items[0.base][asin]\" value=\"B0FKMRNCKV\"> <input type=\"hidden\" name=\"items[0.base][offerListingId]\" value=\"mUncbQkClt4n899xMaSmOostApeA1FQPKjGT%2BAPZlLFC%2BB9uLHPjYbahGNarf8nYAQDA1T8o%2FfNwTMiErEGRSv884scmKHHZTwkNlRvWhtuzRy%2B%2For%2FztFR3CMhx1uwqL2480vC5hH4%3D\"> <input type=\"hidden\" name=\"items[0.base][quantity]\" value=\"1\"> <input type=\"hidden\" name=\"clientName\" value=\"Aplus_BuyableModules_DetailPage\">     <\/p>\n<div>\n                        <span><span><i><\/i><input type=\"submit\"><span aria-hidden=\"true\"> Add To Basket <\/span><\/span><\/span> <\/div>\n<\/p><\/form>\n<\/td>\n<\/tr>\n<tr>\n<th>\n                            <span> Customer Reviews <\/span> <\/th>\n<td>\n<div>\n<div>\n                    <i><span>4.4 out of 5 stars<\/span><\/i>  <span>96<\/span>  <\/div>\n<\/p><\/div>\n<\/td>\n<td>\n<div>\n<div>\n                    <i><span>4.5 out of 5 stars<\/span><\/i>  <span>1,095<\/span>  <\/div>\n<\/p><\/div>\n<\/td>\n<td>\n<div>\n<div>\n                    <i><span>4.5 out of 5 stars<\/span><\/i>  <span>1,336<\/span>  <\/div>\n<\/p><\/div>\n<\/td>\n<td>\n<div>\n<div>\n                    <i><span>3.7 out of 5 stars<\/span><\/i>  <span>12<\/span>  <\/div>\n<\/p><\/div>\n<\/td>\n<\/tr>\n<tr>\n<th>\n                            <span> Price <\/span> <\/th>\n<td>        <span><span>\u20ac36.99<\/span><span aria-hidden=\"true\"><span>\u20ac<\/span><span>36<span>.<\/span><\/span><span>99<\/span><\/span><\/span>     <\/td>\n<td>        <span><span>\u20ac17.99<\/span><span aria-hidden=\"true\"><span>\u20ac<\/span><span>17<span>.<\/span><\/span><span>99<\/span><\/span><\/span>     <\/td>\n<td>        <span><span>\u20ac17.99<\/span><span aria-hidden=\"true\"><span>\u20ac<\/span><span>17<span>.<\/span><\/span><span>99<\/span><\/span><\/span>     <\/td>\n<td>        <span><span>\u20ac29.99<\/span><span aria-hidden=\"true\"><span>\u20ac<\/span><span>29<span>.<\/span><\/span><span>99<\/span><\/span><\/span>     <\/td>\n<\/tr>\n<tr>\n<th>\n                            <span> MATERIAL <\/span> <\/th>\n<td> <span>   <span>no data<\/span><br \/>\n                                               <\/span> <\/td>\n<td> <span> 50% Baumwolle, 50% Modal  <\/span> <\/td>\n<td> <span> 50% Baumwolle, 50% Modal  <\/span> <\/td>\n<td> <span> 100% Viskose  <\/span> <\/td>\n<\/tr>\n<\/tbody>\n<\/table><\/div>\n<\/p><\/div>\n<\/div>\n<div><\/div>\n<\/p><\/div>\n<\/p><\/div>\n<\/p><\/div>\n<\/p><\/div>\n","protected":false},"excerpt":{"rendered":"<p>corduroy jacket Crew neck Long sleeve with cuffs and zip detail Side pockets with buttons Soft corduroy quality<\/p>\n","protected":false},"featured_media":229,"comment_status":"open","ping_status":"closed","template":"","meta":[],"product_brand":[],"product_cat":[84,83,18,28,82,17],"product_tag":[87,86,24,33,85,23],"class_list":{"0":"post-228","1":"product","2":"type-product","3":"status-publish","4":"has-post-thumbnail","6":"product_cat-blouses","7":"product_cat-blouses-shirts","8":"product_cat-clothing","9":"product_cat-fashion","10":"product_cat-tops-t-shirts-blouses","11":"product_cat-women","12":"product_tag-blouses","13":"product_tag-blouses-shirts","14":"product_tag-clothing","15":"product_tag-fashion","16":"product_tag-tops-t-shirts-blouses","17":"product_tag-women","19":"first","20":"instock","21":"taxable","22":"shipping-taxable","23":"purchasable","24":"product-type-simple"},"_links":{"self":[{"href":"https:\/\/wp.55655.ir\/index.php?rest_route=\/wp\/v2\/product\/228","targetHints":{"allow":["GET"]}}],"collection":[{"href":"https:\/\/wp.55655.ir\/index.php?rest_route=\/wp\/v2\/product"}],"about":[{"href":"https:\/\/wp.55655.ir\/index.php?rest_route=\/wp\/v2\/types\/product"}],"replies":[{"embeddable":true,"href":"https:\/\/wp.55655.ir\/index.php?rest_route=%2Fwp%2Fv2%2Fcomments&post=228"}],"wp:featuredmedia":[{"embeddable":true,"href":"https:\/\/wp.55655.ir\/index.php?rest_route=\/wp\/v2\/media\/229"}],"wp:attachment":[{"href":"https:\/\/wp.55655.ir\/index.php?rest_route=%2Fwp%2Fv2%2Fmedia&parent=228"}],"wp:term":[{"taxonomy":"product_brand","embeddable":true,"href":"https:\/\/wp.55655.ir\/index.php?rest_route=%2Fwp%2Fv2%2Fproduct_brand&post=228"},{"taxonomy":"product_cat","embeddable":true,"href":"https:\/\/wp.55655.ir\/index.php?rest_route=%2Fwp%2Fv2%2Fproduct_cat&post=228"},{"taxonomy":"product_tag","embeddable":true,"href":"https:\/\/wp.55655.ir\/index.php?rest_route=%2Fwp%2Fv2%2Fproduct_tag&post=228"}],"curies":[{"name":"wp","href":"https:\/\/api.w.org\/{rel}","templated":true}]}}